{"id":925,"date":"2022-09-01T15:08:03","date_gmt":"2022-09-01T13:08:03","guid":{"rendered":"https:\/\/www.porrinifrancospa.it\/?page_id=925"},"modified":"2025-09-08T16:59:55","modified_gmt":"2025-09-08T14:59:55","slug":"social-media-policy","status":"publish","type":"page","link":"https:\/\/www.porrinifrancospa.it\/it\/social-media-policy\/","title":{"rendered":"Social Media Policy"},"content":{"rendered":"\t\t<div data-elementor-type=\"wp-page\" data-elementor-id=\"925\" class=\"elementor elementor-925\" data-elementor-post-type=\"page\">\n\t\t\t\t\t\t<section class=\"elementor-section elementor-top-section elementor-element elementor-element-36a7d3df elementor-section-height-min-height elementor-section-boxed elementor-section-height-default elementor-section-items-middle\" data-id=\"36a7d3df\" data-element_type=\"section\" data-settings=\"{&quot;background_background&quot;:&quot;classic&quot;}\">\n\t\t\t\t\t\t\t<div class=\"elementor-background-overlay\"><\/div>\n\t\t\t\t\t\t\t<div class=\"elementor-container elementor-column-gap-default\">\n\t\t\t\t\t<div class=\"elementor-column elementor-col-100 elementor-top-column elementor-element elementor-element-faf6aae\" data-id=\"faf6aae\" data-element_type=\"column\">\n\t\t\t<div class=\"elementor-widget-wrap elementor-element-populated\">\n\t\t\t\t\t\t<div class=\"elementor-element elementor-element-5c8cf553 elementor-widget elementor-widget-heading\" data-id=\"5c8cf553\" data-element_type=\"widget\" data-widget_type=\"heading.default\">\n\t\t\t\t<div class=\"elementor-widget-container\">\n\t\t\t\t\t<h1 class=\"elementor-heading-title elementor-size-default\">Social Media Policy<\/h1>\t\t\t\t<\/div>\n\t\t\t\t<\/div>\n\t\t\t\t\t<\/div>\n\t\t<\/div>\n\t\t\t\t\t<\/div>\n\t\t<\/section>\n\t\t\t\t<section class=\"elementor-section elementor-top-section elementor-element elementor-element-2b1c08ae elementor-section-boxed elementor-section-height-default elementor-section-height-default\" data-id=\"2b1c08ae\" data-element_type=\"section\">\n\t\t\t\t\t\t<div class=\"elementor-container elementor-column-gap-default\">\n\t\t\t\t\t<div class=\"elementor-column elementor-col-100 elementor-top-column elementor-element elementor-element-1530bf04\" data-id=\"1530bf04\" data-element_type=\"column\">\n\t\t\t<div class=\"elementor-widget-wrap elementor-element-populated\">\n\t\t\t\t\t\t<div class=\"elementor-element elementor-element-898c635 elementor-widget elementor-widget-text-editor\" data-id=\"898c635\" data-element_type=\"widget\" data-widget_type=\"text-editor.default\">\n\t\t\t\t<div class=\"elementor-widget-container\">\n\t\t\t\t\t\t\t\t\t<h4>Social Media Policy<\/h4><p>Porrini Franco S.p.a. \u00a0in qualit\u00e0 di Titolare del trattamento dei Suoi dati personali, La rimanda alla presente\u00a0<em>Social Media Policy.<\/em><\/p><p>In relazione ai suddetti trattamenti il Titolare fornisce, tra l\u2019altro, le seguenti informazioni.<\/p><p>La presente\u00a0<em>Social Media Policy\u00a0<\/em>(\u201cSocial Media Policy\u201d) deve intendersi quale allegato ai documenti Privacy Policy &amp; Cookie Policy consultabili, in un documento separato, agli indirizzi www.porrinifrancospa.it e www.porrinihorseshop.it.<\/p><p>Detta\u00a0<em>Social Media Policy\u00a0<\/em>ha come finalit\u00e0 quella di descrivere le norme di condotta che gli utenti dovrebbero rispettare nell\u2019utilizzo del sito web e negli spazi attivati da PORRINI FRANCO S.P.A. sulle piattaforme tecnologiche sociali.<\/p><p><strong>Finalit\u00e0<\/strong><\/p><p>PORRINI FRANCO S.P.A. utilizza il sito web e le piattaforme tecnologiche sociali di seguito (\u201cSocial Media\u201d) con finalit\u00e0 di interesse generale per comunicare con gli utenti attraverso la rete, dare accesso a servizi erogati e promuovere le proprie attivit\u00e0. Le pagine\/canali sociali sono inoltre utilizzate dal Titolare per favorire la partecipazione, il confronto, il dialogo con gli utenti in un\u2019ottica di trasparenza e di condivisione.<\/p><p><strong>Contenuti<\/strong><\/p><p>Il sito di PORRINI FRANCO S.P.A. offre e offrir\u00e0 porte di accesso ai vari\u00a0<em>Social Media\u00a0<\/em>quali\u00a0<strong>Facebook<\/strong>\u00a0la cui informativa \u00e8 consultabile al link\u00a0<a href=\"https:\/\/www.facebook.com\/policy.php\" target=\"_blank\" rel=\"noopener\">https:\/\/www.facebook.com\/policy.php<\/a>\u00a0\u2013\u00a0<strong>Instagram<\/strong>\u00a0la cui informativa \u00e8 consultabile al link\u00a0<a href=\"https:\/\/help.instagram.com\/\" target=\"_blank\" rel=\"noopener\">https:\/\/help.instagram.com\/<\/a>\u00a0sezione Normativa sui dati e\u00a0<strong>You Tube<\/strong>\u00a0\u00a0<a href=\"https:\/\/policies.google.com\/privacy?hl=it\" target=\"_blank\" rel=\"noopener\">https:\/\/policies.google.com\/privacy?hl=it<\/a>\u00a0\u2013 detti servizi, forniscono aree di commento, bacheche e forum pubblici. I contenuti vengono pubblicati dagli utenti e possono comprendere: comunicazioni sulle attivit\u00e0 e servizi erogati dalla Titolare, informazioni relative a progetti in corso d\u2019opera, iniziative sociali, immagini, e video relativi ad eventi organizzati dalla Titolare stessa. Sulle varie pagine\/canali di dette piattaforme sono attivati servizi di risposta a richieste di informazioni e di assistenza. Vengono inoltre raccolti commenti, domande, critiche e suggerimenti poste dagli utenti.<\/p><p>Utilizzando i Social Media l\u2019utente accetta il fatto che i dati pubblicati (comprendenti testo, immagini, video) siano visibili liberamente da tutti e, pertanto, la Titolare non pu\u00f2 garantire la \u201cPrivacy\u201d degli stessi.<\/p><p><strong>Commenti e risposte sui Social Media<\/strong><\/p><p>L\u2019obiettivo dei servizi di Social Media proposto dal Titolare, oltre a rendersi presente come altro canale di comunicazione sulla rete, \u00e8 rispondere alle richieste pervenute pubblicamente sulle pagine\/canali, inoltrarle alle strutture competenti della stessa per poter rispondere in maniera pertinente. I tempi di risposta possono variare a seconda della tipologia di richiesta.<\/p><p><strong>Avvertenze di rischio<\/strong><\/p><p>Si avverte l\u2019utente di valutare con la necessaria attenzione l\u2019opportunit\u00e0, nei propri interventi, di inserire o meno dati personali, (compreso l\u2019indirizzo di posta elettronica, il numero di telefono cellulare), che possano rivelarne, anche indirettamente, l\u2019identit\u00e0. Lo stesso accorgimento vale soprattutto per dati considerati sensibili. E\u2019 necessario inoltre, valutare l\u2019opportunit\u00e0 di pubblicare materiale audio, fotografico e videografico che consentano di identificare le persone senza aver chiesto loro il consenso al trattamento di detti dati.<\/p><p>Bisogna inoltre prestare attenzione alla possibilit\u00e0 di inserire nei propri interventi dati che possano rivelare, anche indirettamente l\u2019identit\u00e0 di terzi. Si avverte che i dati e gli interventi sui possono essere visibili e consultabili pubblicamente da qualsiasi utente della rete che acceda al sito o dai\u00a0<em>Social Media,\u00a0<\/em>indicizzati e reperibili anche dai motori di ricerca generali (Google, Yahoo ecc.).<\/p><p><strong>Regole di utilizzo<\/strong><\/p><p>Le varie pagine di \u00a0PORRINI FRANCO S.P.A. presenti sui vari\u00a0<em>Social Media,\u00a0<\/em>possono essere seguite liberamente da tutti gli utenti della rete, senza chiedere nessuna autorizzazione al Titolare; per questo motivo PORRINI FRANCO S.P.A. consiglia di esercitare cautela circa la diffusione di dati personali quando si utilizzano dette piattaforme. I termini di utilizzo e le politiche sulla Privacy applicabili a ciascun\u00a0<em>Social Medium\u00a0<\/em>sono pubblicate sui rispettivi siti e regolano le informazioni fornite dall\u2019utente. Il Titolare non esegue alcuna forma di controllo sull\u2019utilizzo di informazioni personali comunicate in un forum pubblico, un\u2019area di commento, rendendo l\u2019utilizzatore della piattaforma l\u2019unico responsabile di qualsiasi divulgazione. Il Titolare si augura che tutti i partecipanti alla vita sociale esprimano le proprie opinioni con correttezza e misura; per questo motivo non saranno tollerati insulti e volgarit\u00e0.<\/p><p>PORRINI FRANCO S.P.A. si riserva di segnalare ai gestori dei\u00a0<em>Social Media\u00a0<\/em>turpiloqui, insulti, minacce e atteggiamenti che possono richiamare la violenza.<\/p><p><strong>Privacy e trattamento dei dati personali<\/strong><\/p><p>Si ricorda che il trattamento dei dati personali degli utenti risponder\u00e0 alle policy in uso sulle piattaforme utilizzate. La Privacy nei\u00a0<em>Social Media\u00a0<\/em>\u00e8 garantita nella misura in cui l\u2019utente \u00e8 a conoscenza di come sta utilizzando la piattaforma, il servizio e le sue potenzialit\u00e0. Ne consegue che le informazioni generate saranno in realt\u00e0 condivise \u201cvolontariamente\u201d dagli utenti che pertanto, non potranno lamentare alcuna possibile violazione della propria sfera personale. L\u2019articolo 21 della Costituzione Italiana tutela la libert\u00e0 di manifestazione del pensiero, ponendo in essere alcuni limiti. Tra questi, poco rispettato, \u00e8 quello relativo alla reputazione altrui. Quando viene espresso un giudizio a carico di un utente, infatti, \u00e8 utile ricordare che nell\u2019utilizzo di espressioni \u201ctroppo forti o colorite\u201d l\u2019autore potrebbe essere chiamato a rispondere del reato di diffamazione. Tutti hanno il diritto di intervenire ed esprimere la propria libera opinione.<\/p><p>I dati personali eventualmente pubblicati dagli utenti sono trattati da PORRINI FRANCO S.P.A. nel rispetto della normativa di cui al Regolamento (UE) 2016\/679 e di quanto disposto (con particolare accenno a riguardo alle finalit\u00e0 e modalit\u00e0 di trattamento del dato) nella Privacy &amp; Cookie Policy pubblicata sul sito web di PORRINI FRANCO S.P.A. e che l\u2019utente \u00e8 tenuto a visionare prima della\u00a0<em>Social Media Policy.<\/em><\/p><p>I dati personali inoltre vengono pubblicati spontaneamente dagli utenti e il trattamento degli stessi da parte del Titolare sono effettuati unicamente per svolgere detti servizi.<\/p><p>Il Titolare del trattamento dei dati \u00e8 Porrini Franco S.p.a. \u2013 Via 2 Giugno, 34\/36\/38 \u2013 21011 Casorate Sempione (VA) \u2013 C.F. | P. IVA\u00a001289320127 \u2013 e-mail privacy@porrinifrancospa.it ed ulteriori informazioni in ordine al trattamento ed alla comunicazione di dati previsti direttamente o altrimenti acquisiti potranno essere richieste direttamente al Titolare del Trattamento. Il presente avviso naturalmente non esclude che altre informazioni siano conferite anche oralmente.<\/p>\t\t\t\t\t\t\t\t<\/div>\n\t\t\t\t<\/div>\n\t\t\t\t\t<\/div>\n\t\t<\/div>\n\t\t\t\t\t<\/div>\n\t\t<\/section>\n\t\t\t\t<\/div>\n\t\t","protected":false},"excerpt":{"rendered":"<p>Social Media Policy Social Media Policy Porrini Franco S.p.a. &nbsp;in qualit\u00e0 di Titolare del trattamento dei Suoi dati personali, La rimanda alla presente&nbsp;Social Media Policy. In relazione ai suddetti trattamenti il Titolare fornisce, tra l\u2019altro, le seguenti informazioni. La presente&nbsp;Social Media Policy&nbsp;(\u201cSocial Media Policy\u201d) deve intendersi quale allegato ai documenti Privacy Policy &amp; Cookie Policy [&hellip;]<\/p>\n","protected":false},"author":1,"featured_media":2189,"parent":0,"menu_order":0,"comment_status":"closed","ping_status":"closed","template":"","meta":{"footnotes":""},"class_list":["post-925","page","type-page","status-publish","has-post-thumbnail","hentry"],"yoast_head":"<!-- This site is optimized with the Yoast SEO plugin v24.5 - https:\/\/yoast.com\/wordpress\/plugins\/seo\/ -->\n<title>Social Media Policy - Porrini Franco S.p.A.<\/title>\n<meta name=\"description\" content=\"Social Media Policy di Porrini Franco S.p.A.: linee guida per l\u2019uso corretto dei canali social e trattamento dei dati personali secondo normativa vigente.\" \/>\n<meta name=\"robots\" content=\"index, follow, max-snippet:-1, max-image-preview:large, max-video-preview:-1\" \/>\n<link rel=\"canonical\" href=\"https:\/\/www.porrinifrancospa.it\/it\/social-media-policy\/\" \/>\n<meta property=\"og:locale\" content=\"it_IT\" \/>\n<meta property=\"og:type\" content=\"article\" \/>\n<meta property=\"og:title\" content=\"Social Media Policy - Porrini Franco S.p.A.\" \/>\n<meta property=\"og:description\" content=\"Social Media Policy di Porrini Franco S.p.A.: linee guida per l\u2019uso corretto dei canali social e trattamento dei dati personali secondo normativa vigente.\" \/>\n<meta property=\"og:url\" content=\"https:\/\/www.porrinifrancospa.it\/it\/social-media-policy\/\" \/>\n<meta property=\"og:site_name\" content=\"Porrini Franco S.p.A.\" \/>\n<meta property=\"article:publisher\" content=\"https:\/\/www.facebook.com\/PorriniSpa\/\" \/>\n<meta property=\"article:modified_time\" content=\"2025-09-08T14:59:55+00:00\" \/>\n<meta property=\"og:image\" content=\"https:\/\/www.porrinifrancospa.it\/wp-content\/uploads\/2022\/09\/porrini-share.jpg\" \/>\n\t<meta property=\"og:image:width\" content=\"800\" \/>\n\t<meta property=\"og:image:height\" content=\"600\" \/>\n\t<meta property=\"og:image:type\" content=\"image\/jpeg\" \/>\n<meta name=\"twitter:card\" content=\"summary_large_image\" \/>\n<meta name=\"twitter:label1\" content=\"Tempo di lettura stimato\" \/>\n\t<meta name=\"twitter:data1\" content=\"6 minuti\" \/>\n<script type=\"application\/ld+json\" class=\"yoast-schema-graph\">{\"@context\":\"https:\/\/schema.org\",\"@graph\":[{\"@type\":\"WebPage\",\"@id\":\"https:\/\/www.porrinifrancospa.it\/it\/social-media-policy\/\",\"url\":\"https:\/\/www.porrinifrancospa.it\/it\/social-media-policy\/\",\"name\":\"Social Media Policy - Porrini Franco S.p.A.\",\"isPartOf\":{\"@id\":\"https:\/\/www.porrinifrancospa.it\/it\/#website\"},\"primaryImageOfPage\":{\"@id\":\"https:\/\/www.porrinifrancospa.it\/it\/social-media-policy\/#primaryimage\"},\"image\":{\"@id\":\"https:\/\/www.porrinifrancospa.it\/it\/social-media-policy\/#primaryimage\"},\"thumbnailUrl\":\"https:\/\/www.porrinifrancospa.it\/wp-content\/uploads\/2022\/09\/porrini-share.jpg\",\"datePublished\":\"2022-09-01T13:08:03+00:00\",\"dateModified\":\"2025-09-08T14:59:55+00:00\",\"description\":\"Social Media Policy di Porrini Franco S.p.A.: linee guida per l\u2019uso corretto dei canali social e trattamento dei dati personali secondo normativa vigente.\",\"breadcrumb\":{\"@id\":\"https:\/\/www.porrinifrancospa.it\/it\/social-media-policy\/#breadcrumb\"},\"inLanguage\":\"it-IT\",\"potentialAction\":[{\"@type\":\"ReadAction\",\"target\":[\"https:\/\/www.porrinifrancospa.it\/it\/social-media-policy\/\"]}]},{\"@type\":\"ImageObject\",\"inLanguage\":\"it-IT\",\"@id\":\"https:\/\/www.porrinifrancospa.it\/it\/social-media-policy\/#primaryimage\",\"url\":\"https:\/\/www.porrinifrancospa.it\/wp-content\/uploads\/2022\/09\/porrini-share.jpg\",\"contentUrl\":\"https:\/\/www.porrinifrancospa.it\/wp-content\/uploads\/2022\/09\/porrini-share.jpg\",\"width\":800,\"height\":600,\"caption\":\"Fioccati, trucioli, alimentazione e mangimi per cavalli - Porrini Franco\"},{\"@type\":\"BreadcrumbList\",\"@id\":\"https:\/\/www.porrinifrancospa.it\/it\/social-media-policy\/#breadcrumb\",\"itemListElement\":[{\"@type\":\"ListItem\",\"position\":1,\"name\":\"Home\",\"item\":\"https:\/\/www.porrinifrancospa.it\/it\/\"},{\"@type\":\"ListItem\",\"position\":2,\"name\":\"Social Media Policy\"}]},{\"@type\":\"WebSite\",\"@id\":\"https:\/\/www.porrinifrancospa.it\/it\/#website\",\"url\":\"https:\/\/www.porrinifrancospa.it\/it\/\",\"name\":\"Porrini Franco S.p.A.\",\"description\":\"Fioccati, trucioli, alimentazione e mangimi per cavalli\",\"publisher\":{\"@id\":\"https:\/\/www.porrinifrancospa.it\/it\/#organization\"},\"potentialAction\":[{\"@type\":\"SearchAction\",\"target\":{\"@type\":\"EntryPoint\",\"urlTemplate\":\"https:\/\/www.porrinifrancospa.it\/it\/?s={search_term_string}\"},\"query-input\":{\"@type\":\"PropertyValueSpecification\",\"valueRequired\":true,\"valueName\":\"search_term_string\"}}],\"inLanguage\":\"it-IT\"},{\"@type\":\"Organization\",\"@id\":\"https:\/\/www.porrinifrancospa.it\/it\/#organization\",\"name\":\"Porrini Franco S.p.A.\",\"url\":\"https:\/\/www.porrinifrancospa.it\/it\/\",\"logo\":{\"@type\":\"ImageObject\",\"inLanguage\":\"it-IT\",\"@id\":\"https:\/\/www.porrinifrancospa.it\/it\/#\/schema\/logo\/image\/\",\"url\":\"https:\/\/www.porrinifrancospa.it\/wp-content\/uploads\/2021\/04\/porrini-logo.png\",\"contentUrl\":\"https:\/\/www.porrinifrancospa.it\/wp-content\/uploads\/2021\/04\/porrini-logo.png\",\"width\":360,\"height\":160,\"caption\":\"Porrini Franco S.p.A.\"},\"image\":{\"@id\":\"https:\/\/www.porrinifrancospa.it\/it\/#\/schema\/logo\/image\/\"},\"sameAs\":[\"https:\/\/www.facebook.com\/PorriniSpa\/\"]}]}<\/script>\n<!-- \/ Yoast SEO plugin. -->","yoast_head_json":{"title":"Social Media Policy - Porrini Franco S.p.A.","description":"Social Media Policy di Porrini Franco S.p.A.: linee guida per l\u2019uso corretto dei canali social e trattamento dei dati personali secondo normativa vigente.","robots":{"index":"index","follow":"follow","max-snippet":"max-snippet:-1","max-image-preview":"max-image-preview:large","max-video-preview":"max-video-preview:-1"},"canonical":"https:\/\/www.porrinifrancospa.it\/it\/social-media-policy\/","og_locale":"it_IT","og_type":"article","og_title":"Social Media Policy - Porrini Franco S.p.A.","og_description":"Social Media Policy di Porrini Franco S.p.A.: linee guida per l\u2019uso corretto dei canali social e trattamento dei dati personali secondo normativa vigente.","og_url":"https:\/\/www.porrinifrancospa.it\/it\/social-media-policy\/","og_site_name":"Porrini Franco S.p.A.","article_publisher":"https:\/\/www.facebook.com\/PorriniSpa\/","article_modified_time":"2025-09-08T14:59:55+00:00","og_image":[{"width":800,"height":600,"url":"https:\/\/www.porrinifrancospa.it\/wp-content\/uploads\/2022\/09\/porrini-share.jpg","type":"image\/jpeg"}],"twitter_card":"summary_large_image","twitter_misc":{"Tempo di lettura stimato":"6 minuti"},"schema":{"@context":"https:\/\/schema.org","@graph":[{"@type":"WebPage","@id":"https:\/\/www.porrinifrancospa.it\/it\/social-media-policy\/","url":"https:\/\/www.porrinifrancospa.it\/it\/social-media-policy\/","name":"Social Media Policy - Porrini Franco S.p.A.","isPartOf":{"@id":"https:\/\/www.porrinifrancospa.it\/it\/#website"},"primaryImageOfPage":{"@id":"https:\/\/www.porrinifrancospa.it\/it\/social-media-policy\/#primaryimage"},"image":{"@id":"https:\/\/www.porrinifrancospa.it\/it\/social-media-policy\/#primaryimage"},"thumbnailUrl":"https:\/\/www.porrinifrancospa.it\/wp-content\/uploads\/2022\/09\/porrini-share.jpg","datePublished":"2022-09-01T13:08:03+00:00","dateModified":"2025-09-08T14:59:55+00:00","description":"Social Media Policy di Porrini Franco S.p.A.: linee guida per l\u2019uso corretto dei canali social e trattamento dei dati personali secondo normativa vigente.","breadcrumb":{"@id":"https:\/\/www.porrinifrancospa.it\/it\/social-media-policy\/#breadcrumb"},"inLanguage":"it-IT","potentialAction":[{"@type":"ReadAction","target":["https:\/\/www.porrinifrancospa.it\/it\/social-media-policy\/"]}]},{"@type":"ImageObject","inLanguage":"it-IT","@id":"https:\/\/www.porrinifrancospa.it\/it\/social-media-policy\/#primaryimage","url":"https:\/\/www.porrinifrancospa.it\/wp-content\/uploads\/2022\/09\/porrini-share.jpg","contentUrl":"https:\/\/www.porrinifrancospa.it\/wp-content\/uploads\/2022\/09\/porrini-share.jpg","width":800,"height":600,"caption":"Fioccati, trucioli, alimentazione e mangimi per cavalli - Porrini Franco"},{"@type":"BreadcrumbList","@id":"https:\/\/www.porrinifrancospa.it\/it\/social-media-policy\/#breadcrumb","itemListElement":[{"@type":"ListItem","position":1,"name":"Home","item":"https:\/\/www.porrinifrancospa.it\/it\/"},{"@type":"ListItem","position":2,"name":"Social Media Policy"}]},{"@type":"WebSite","@id":"https:\/\/www.porrinifrancospa.it\/it\/#website","url":"https:\/\/www.porrinifrancospa.it\/it\/","name":"Porrini Franco S.p.A.","description":"Fioccati, trucioli, alimentazione e mangimi per cavalli","publisher":{"@id":"https:\/\/www.porrinifrancospa.it\/it\/#organization"},"potentialAction":[{"@type":"SearchAction","target":{"@type":"EntryPoint","urlTemplate":"https:\/\/www.porrinifrancospa.it\/it\/?s={search_term_string}"},"query-input":{"@type":"PropertyValueSpecification","valueRequired":true,"valueName":"search_term_string"}}],"inLanguage":"it-IT"},{"@type":"Organization","@id":"https:\/\/www.porrinifrancospa.it\/it\/#organization","name":"Porrini Franco S.p.A.","url":"https:\/\/www.porrinifrancospa.it\/it\/","logo":{"@type":"ImageObject","inLanguage":"it-IT","@id":"https:\/\/www.porrinifrancospa.it\/it\/#\/schema\/logo\/image\/","url":"https:\/\/www.porrinifrancospa.it\/wp-content\/uploads\/2021\/04\/porrini-logo.png","contentUrl":"https:\/\/www.porrinifrancospa.it\/wp-content\/uploads\/2021\/04\/porrini-logo.png","width":360,"height":160,"caption":"Porrini Franco S.p.A."},"image":{"@id":"https:\/\/www.porrinifrancospa.it\/it\/#\/schema\/logo\/image\/"},"sameAs":["https:\/\/www.facebook.com\/PorriniSpa\/"]}]}},"_links":{"self":[{"href":"https:\/\/www.porrinifrancospa.it\/it\/wp-json\/wp\/v2\/pages\/925","targetHints":{"allow":["GET"]}}],"collection":[{"href":"https:\/\/www.porrinifrancospa.it\/it\/wp-json\/wp\/v2\/pages"}],"about":[{"href":"https:\/\/www.porrinifrancospa.it\/it\/wp-json\/wp\/v2\/types\/page"}],"author":[{"embeddable":true,"href":"https:\/\/www.porrinifrancospa.it\/it\/wp-json\/wp\/v2\/users\/1"}],"replies":[{"embeddable":true,"href":"https:\/\/www.porrinifrancospa.it\/it\/wp-json\/wp\/v2\/comments?post=925"}],"version-history":[{"count":9,"href":"https:\/\/www.porrinifrancospa.it\/it\/wp-json\/wp\/v2\/pages\/925\/revisions"}],"predecessor-version":[{"id":2214,"href":"https:\/\/www.porrinifrancospa.it\/it\/wp-json\/wp\/v2\/pages\/925\/revisions\/2214"}],"wp:featuredmedia":[{"embeddable":true,"href":"https:\/\/www.porrinifrancospa.it\/it\/wp-json\/wp\/v2\/media\/2189"}],"wp:attachment":[{"href":"https:\/\/www.porrinifrancospa.it\/it\/wp-json\/wp\/v2\/media?parent=925"}],"curies":[{"name":"wp","href":"https:\/\/api.w.org\/{rel}","templated":true}]}}