{"id":872,"date":"2022-09-01T14:48:52","date_gmt":"2022-09-01T12:48:52","guid":{"rendered":"https:\/\/www.porrinifrancospa.it\/?page_id=872"},"modified":"2025-03-21T14:47:20","modified_gmt":"2025-03-21T13:47:20","slug":"privacy","status":"publish","type":"page","link":"https:\/\/www.porrinifrancospa.it\/it\/privacy\/","title":{"rendered":"Privacy"},"content":{"rendered":"\t\t<div data-elementor-type=\"wp-page\" data-elementor-id=\"872\" class=\"elementor elementor-872\" data-elementor-post-type=\"page\">\n\t\t\t\t\t\t<section class=\"elementor-section elementor-top-section elementor-element elementor-element-3beac3b3 elementor-section-height-min-height elementor-section-boxed elementor-section-height-default elementor-section-items-middle\" data-id=\"3beac3b3\" data-element_type=\"section\" data-settings=\"{&quot;background_background&quot;:&quot;classic&quot;}\">\n\t\t\t\t\t\t\t<div class=\"elementor-background-overlay\"><\/div>\n\t\t\t\t\t\t\t<div class=\"elementor-container elementor-column-gap-default\">\n\t\t\t\t\t<div class=\"elementor-column elementor-col-100 elementor-top-column elementor-element elementor-element-7e33e896\" data-id=\"7e33e896\" data-element_type=\"column\">\n\t\t\t<div class=\"elementor-widget-wrap elementor-element-populated\">\n\t\t\t\t\t\t<div class=\"elementor-element elementor-element-7cd39d3f elementor-widget elementor-widget-heading\" data-id=\"7cd39d3f\" data-element_type=\"widget\" data-widget_type=\"heading.default\">\n\t\t\t\t<div class=\"elementor-widget-container\">\n\t\t\t\t\t<h1 class=\"elementor-heading-title elementor-size-default\">Privacy Policy<\/h1>\t\t\t\t<\/div>\n\t\t\t\t<\/div>\n\t\t\t\t\t<\/div>\n\t\t<\/div>\n\t\t\t\t\t<\/div>\n\t\t<\/section>\n\t\t\t\t<section class=\"elementor-section elementor-top-section elementor-element elementor-element-1c51939a elementor-section-boxed elementor-section-height-default elementor-section-height-default\" data-id=\"1c51939a\" data-element_type=\"section\">\n\t\t\t\t\t\t<div class=\"elementor-container elementor-column-gap-default\">\n\t\t\t\t\t<div class=\"elementor-column elementor-col-100 elementor-top-column elementor-element elementor-element-16f76e32\" data-id=\"16f76e32\" data-element_type=\"column\">\n\t\t\t<div class=\"elementor-widget-wrap elementor-element-populated\">\n\t\t\t\t\t\t<div class=\"elementor-element elementor-element-898c635 elementor-widget elementor-widget-text-editor\" data-id=\"898c635\" data-element_type=\"widget\" data-widget_type=\"text-editor.default\">\n\t\t\t\t<div class=\"elementor-widget-container\">\n\t\t\t\t\t\t\t\t\t<p><strong>\u00a0<\/strong><strong>PRIVACY POLICY E INFORMATIVA ART. 13\u00a0<\/strong><strong>GENERAL DATA PROTECTION REGULATION (EU) 2016\/679 (GDPR) (European regulation on personal data protection)<\/strong><\/p><p>La presente Privacy Policy \u00e8 volta ad illustrare le modalit\u00e0 e le finalit\u00e0 dei trattamenti di dati personali effettuati da parte della societ\u00e0 Porrini Franco S.p.a. in qualit\u00e0 di titolare del trattamento dei siti www.porrinifrancospa.it e www.porrinihorseshop.it ed i servizi ad essi collegati.<\/p><p>Porrini Franco S.p.a. rispetta la privacy di ogni utente che visita i siti e ne utilizza i Servizi.<\/p><p>La Policy non si applica ai siti terzi accessibili tramite link presenti sui siti del titolare.<\/p><p>Il trattamento dei dati personali degli Utenti avviene in piena conformit\u00e0 del Regolamento Generale sulla Protezione dei Dati (UE) 2016\/679 e delle normative applicabili in materia di protezione dei dati personali.<\/p><ol><li><strong>Identit\u00e0 e dati di contatto del Titolare del trattamento<\/strong><\/li><\/ol><p>Il Titolare del trattamento dei dati \u00e8 Porrini Franco S.p.a. \u2013 Via 2 Giugno, 34\/36\/38 \u2013 21011 Casorate Sempione (VA) \u2013 C.F. | P. IVA\u00a001289320127 \u2013 e-mail privacy@porrinifrancospa.it.<\/p><ol start=\"2\"><li><strong>Categorie di dati personali trattate<\/strong><\/li><\/ol><p>Il Titolare potr\u00e0 trattare le seguenti categorie di dati personali degli Utenti:<\/p><ul><li>dati comunicati dall\u2019utente: dati anagrafici identificativi e di contatto (principalmente nome, cognome, indirizzo, codice fiscale, e-mail) e dati di pagamento (in caso di acquisto tramite e-commerce) inseriti volontariamente dall\u2019utente in caso di compilazione dei form di richiesta dati presenti sul sito e\/o attraverso \u00a0l\u2019invio facoltativo, esplicito e volontario di messaggi ai vari indirizzi\/canali di contatto del Titolare, comportano l\u2019acquisizione dei dati di contatto del mittente, necessari per evadere la richiesta inoltrata dall\u2019interessato, nonch\u00e9 di tutti i dati personali inclusi nelle comunicazioni; se necessarie, sono pubblicate specifiche informative nelle pagine web predisposte per l\u2019erogazione di servizi differenti e differenti finalit\u00e0.<\/li><li>Dati legati alla gestione dell\u2019account.<\/li><li>Dati relativi alla gestione degli acquisti e ordini da shop: dati di spedizione, fatturazione e pagamento.<\/li><li>Dati di navigazione: i sistemi informatici e le procedure software preposte al funzionamento di questo sito acquisiscono, nel corso del loro normale esercizio, alcuni dati personali la cui trasmissione \u00e8 implicita nell\u2019uso dei protocolli di comunicazione di Internet.<\/li><\/ul><p>In questa categoria di dati rientrano gli indirizzi IP o i nomi a dominio dei computer e dei terminali utilizzati dagli utenti, gli indirizzi in notazione URI\/URL (Uniform Resource Identifier\/Locator) delle risorse richieste, l\u2019orario della richiesta, il metodo utilizzato nel sottoporre la richiesta al server, la dimensione del file ottenuto in risposta, il codice numerico indicante lo stato della risposta data dal server (buon fine, errore, ecc.) ed altri parametri relativi al sistema operativo e all\u2019ambiente informatico dell\u2019utente.<\/p><p>Tali dati, necessari per la fruizione dei servizi web, vengono anche trattati allo scopo di:<\/p><ul><li>ottenere informazioni statistiche sull\u2019uso dei servizi (pagine pi\u00f9 visitate, numero di visitatori per fascia oraria o giornaliera, aree geografiche di provenienza, ecc.);<\/li><li>controllare il corretto funzionamento dei servizi offerti<\/li><li>nel caso di ipotetici reati informatici prodotti ai danni del sito, in accordo con l\u2019autorit\u00e0 giudiziaria tali dati potrebbero essere utilizzati per l\u2019accertamento di responsabilit\u00e0.<\/li><li>Dati raccolti tramite tracciamento (cookie): il tracciamento avviene tramite codice eseguito all\u2019interno dei siti web sia a livello server (es. servizi, procedure) che a livello client (es. tag, pixel), anche con il supporto di codice installato sul Suo browser (es. cookie). Per quanto riguarda la finalit\u00e0 e la gestione dei consensi relativi ai tracciamenti si rimanda alla specifica sezione \u201cCookie Policy\u201d.<\/li><li>Dati di condivisione dei contenuti tramite Social Network: i siti web indicati in premessa potrebbero includere plugin e\/o bottoni al fine di consentire la condivisione dei contenuti sui Social Network (ad esempio Facebook, Twitter, LinkedIn, YouTube, Instagram) da Lei utilizzati.<\/li><\/ul><ol start=\"3\"><li><strong>Finalit\u00e0 e basi giuridiche del trattamento dei dati personali<\/strong><\/li><\/ol><p>Il Titolare tratta i dati degli Utenti principalmente per consentire loro l\u2019accesso, la registrazione e la navigazione sul proprio Sito, nonch\u00e9 la fruizione dei Servizi. Il Titolare tratta i dati degli utenti per consentire la navigazione del proprio sito e per poter rispondere ad eventuali richieste inviate volontariamente dell\u2019utente.<\/p><p>Qualsiasi ulteriore trattamento avviene solo sulla base di obblighi previsti dalla legge e sulla base del legittimo interesse. Per ogni altra finalit\u00e0 di trattamento viene richiesto esplicito consenso fornito dall\u2019Utente al Titolare.<\/p><p>In particolare, PORRINI FRANCO S.P.A. raccoglie e tratta i dati personali degli Utenti per le seguenti finalit\u00e0:<\/p><ol><li>finalit\u00e0 strettamente connesse e strumentali alla gestione amministrativo-contabile;<\/li><li>finalit\u00e0 connesse agli obblighi previsti di natura legale e fiscale previsti da leggi, da regolamenti, da normative comunitarie, nonch\u00e9 da disposizioni impartite da Autorit\u00e0 e da Organi di vigilanza e controllo;<\/li><li>consentire all\u2019utente di navigare sul sito;<\/li><li>rispondere alle richieste degli Utenti inviate tramite il Sito;<\/li><li>consentire agli utenti l\u2019utilizzo dei servizi presenti sul sito, inclusa la gestione dell\u2019account utente;<\/li><li>gestione di acquisto di prodotti tramite il Sito (che comprende tutte le attivit\u00e0 funzionali alla vendita e ai servizi post-vendita, ad esempio spedizione, pagamento, assistenza ai clienti);<\/li><li>migliorare la presentazione, le caratteristiche e le funzionalit\u00e0 del Sito e dei Servizi;<\/li><li>fornire assistenza sull\u2019utilizzo dei servizi\/prodotti, su richiesta degli Utenti;<\/li><li>previo consenso, contattare gli Utenti tramite e-mail, newsletter, mailing list, sms, messaggistica per inviare loro comunicazioni di carattere commerciale e promozionale, speciali iniziative e sconti. L\u2019Utente viene automaticamente inserito in una lista di contatti a cui potranno essere trasmessi messaggi e-mail\/messaggistica attraverso le piattaforme dedicate. In ogni comunicazione saranno specificate le modalit\u00e0 per opporsi al trattamento e non ricevere pi\u00f9 altre comunicazioni. In questi casi, il conferimento dei dati \u00e8 facoltativo e il mancato conferimento dei dati comporter\u00e0 il mancato invio di comunicazioni commerciali;<\/li><li>previo consenso, profilazione e marketing profilante sulla base della specifica informativa cookie.<\/li><\/ol><p>Per le finalit\u00e0 di cui alle lettere da (a) a (h) le basi giuridiche individuate sono gli art. 6.1.b) del GDPR per i trattamenti necessari all\u2019esecuzione di misure precontrattuali\/contrattuali\/esecuzione di specifiche richieste da parte dell\u2019utente \u2013 art. 6.1.c) GDPR per i trattamenti necessari per adempiere ad obblighi legali \u2013\u00a0 art 6.1.f) del GDPR per il perseguimento del legittimo interesse.<\/p><p>Per le finalit\u00e0 di cui alla lettera (i) e (j) PORRINI FRANCO S.P.A. tratter\u00e0 i dati personali degli Utenti sulla base del loro consenso \u2013 art.6.1.a) del GDPR.<\/p><ol start=\"4\"><li><strong>Tempi di conservazione dei dati<\/strong><\/li><\/ol><p>I dati personali trattati da PORRINI FRANCO S.P.A. saranno conservati per il tempo strettamente necessario al raggiungimento delle finalit\u00e0 per cui sono stati originariamente raccolti e, in ogni caso, non verranno pi\u00f9 trattati a seguito di eventuale revoca del consenso prestato.<\/p><p>Laddove il trattamento dei dati personali dovesse invece avvenire in adempimento ad obblighi legali, fiscali o giudiziari, i dati potranno essere conservati fino ad un massimo di dieci (10) anni.<\/p><p>I dati di navigazione non persistono per pi\u00f9 di sette giorni e vengono cancellati immediatamente dopo la loro aggregazione (salve eventuali necessit\u00e0 di accertamento di reati da parte dell\u2019Autorit\u00e0 giudiziaria). In caso di reclamo, i dati personali sono conservati per tutta la durata del reclamo stesso e\/o del procedimento stragiudiziale e\/o giudiziale fino all\u2019esaurimento dei termini di esperibilit\u00e0 delle tutele giudiziali e\/o azioni di impugnazione. In merito ai cookie e altri sistemi di tracciamento\/profilazione, per la conservazione si rinvia alle informazioni contenute nella cookie policy.<\/p><ol start=\"5\"><li><strong>Conferimento dei dati<\/strong><\/li><\/ol><p>A parte quanto specificato per i dati di navigazione, l\u2019utente \u00e8 libero di fornire i dati propri personali. Tuttavia il loro mancato conferimento pu\u00f2 comportare l\u2019impossibilit\u00e0 di ottenere quanto richiesto.<\/p><ol start=\"6\"><li><strong>Modalit\u00e0 del trattamento<\/strong><\/li><\/ol><p>Tutti i dati personali saranno trattati attraverso l\u2019ausilio di strumenti cartacei ed informatizzati.<\/p><p>Il Titolare del Trattamento ha adottato tutte le necessarie misure tecniche e organizzative adeguate per garantire un livello di sicurezza elevato al fine di ridurre al minimo i rischi inerenti alla riservatezza, alla disponibilit\u00e0 e all\u2019integrit\u00e0 dei dati personali raccolti e trattati.<\/p><p>I dati di pagamento rilasciati della carta di credito sono protetti contro l\u2019accesso non autorizzato mediante il trasferimento crittografato di dati SSL (Secure Socket Layer); tali dati non sono accessibili a terzi, neanche a Porrini Franco S.p.a. .<\/p><ol start=\"7\"><li><strong>Destinatari dei dati personali \u2013 Comunicazione e diffusione dei dati personali<\/strong><\/li><\/ol><p>I dati personali trattati saranno oggetto di comunicazione a soggetti ben definiti. Sulla base dei ruoli e delle mansioni lavorative espletate, il personale interno ed esterno \u00e8 legittimato al trattamento nei limiti delle loro competenze ed in conformit\u00e0 alle istruzioni ad essi impartite dal Titolare.<\/p><p>Gli stessi dati potranno essere comunicati ai soggetti legittimati con funzioni di amministrazione dei sistemi, servizi di hosting e della manutenzione della parte tecnologica del sito, gestori di piattaforme di invio newsletter e messaggistica, gestore piattaforme chat, corrieri\/spedizionieri in caso di spedizioni tramite e-commerce,\u00a0 soggetti nominati Responsabili del trattamento (studi professionali eroganti servizi contabili etc.) e soggetti cui disposizioni di legge o normative comunitarie riconoscono la facolt\u00e0 di accedere ai dati.<\/p><ol start=\"8\"><li><strong>Trasferimento all\u2019estero dei dati personali\u00a0<\/strong><\/li><\/ol><p>Per alcune delle finalit\u00e0 i Suoi Dati Personali possono essere trasferiti fuori dalla UE. In questi casi, il Titolare adotter\u00e0 ogni misura contrattuale idonea per garantire un adeguato livello di protezione dei dati personali, incluse, tra le altre, le Clausole Contrattuali Standard approvate dalla Commissione Europea.<\/p><p>Il servizio di web hosting \u00e8 localizzato in UE.<\/p><ol start=\"9\"><li><strong>Trattamento di dati personali di minori<\/strong><\/li><\/ol><p>L\u2019utilizzo del Sito e dei Servizi \u00e8 riservato soltanto ad Utenti maggiorenni. PORRINI FRANCO S.P.A. non tratta dati personali di minori<\/p><ol start=\"10\"><li><strong>Diritti dell\u2019Interessato e revoca del consenso<\/strong><\/li><\/ol><p>Il Titolare del trattamento \u00e8 liberamente contattabile per qualsiasi richiesta inerente alla presente Policy scrivendo all\u2019indirizzo privacy@porrinifrancospa.it.<\/p><p>L\u2019utente potr\u00e0, in qualsiasi momento, esercitare i diritti di cui agli artt. 15 e s.s. del Regolamento (UE) 2016\/679.<\/p><p>I predetti diritti potranno essere esercitati inviando apposita richiesta al Titolare del trattamento mediante i canali di contatto indicati nella presente informativa.<br \/>Con riferimento all\u2019art. 7 del GDPR 2016\/679, l\u2019interessato pu\u00f2 revocare in qualsiasi momento il consenso prestato comunicandolo al Titolare o avvalendosi dell\u2019apposita funzionalit\u00e0 secondo le istruzioni riportate in calce a ciascuna newsletter.<\/p><ol start=\"11\"><li><strong>Cookie Policy<\/strong><\/li><\/ol><p>Per l\u2019utilizzo dei cookies si rimanda all\u2019apposita sezione \u201cCookie Policy\u201d dove \u00e8 resa un\u2019idonea informativa.<\/p><ol start=\"12\"><li><strong>Social Media Policy<\/strong><\/li><\/ol><p>Si rimanda all\u2019apposita sezione presente sul sito.<\/p><ol start=\"13\"><li><strong>Link a siti di terze parti<\/strong><\/li><\/ol><p>PORRINI FRANCO S.P.A. non potr\u00e0 in alcun caso essere ritenuta responsabile dei trattamenti effettuati attraverso o in relazione a tali siti di terzi.<\/p><p>Si invitano quindi gli utenti a prestare la massima attenzione in tal senso, prendendo visione delle condizioni d\u2019uso e della privacy e cookie policy pubblicate sui vari siti\/portali\/social network visitati.<\/p><ol start=\"14\"><li><strong>Modifiche e aggiornamenti<\/strong><\/li><\/ol><p>La presente Policy \u00e8 aggiornata e applicabile dal 01\/08\/2021.<\/p><p>Qualsiasi ulteriore modifica sar\u00e0 comunicata agli Utenti con mezzi e i tempi ritenuti pi\u00f9 opportuni dal Titolare, in particolare attraverso la pubblicazione sul Sito.<\/p>\t\t\t\t\t\t\t\t<\/div>\n\t\t\t\t<\/div>\n\t\t\t\t\t<\/div>\n\t\t<\/div>\n\t\t\t\t\t<\/div>\n\t\t<\/section>\n\t\t\t\t<\/div>\n\t\t","protected":false},"excerpt":{"rendered":"<p>Privacy Policy &nbsp;PRIVACY POLICY E INFORMATIVA ART. 13&nbsp;GENERAL DATA PROTECTION REGULATION (EU) 2016\/679 (GDPR) (European regulation on personal data protection) La presente Privacy Policy \u00e8 volta ad illustrare le modalit\u00e0 e le finalit\u00e0 dei trattamenti di dati personali effettuati da parte della societ\u00e0 Porrini Franco S.p.a. in qualit\u00e0 di titolare del trattamento dei siti www.porrinifrancospa.it [&hellip;]<\/p>\n","protected":false},"author":1,"featured_media":2189,"parent":0,"menu_order":0,"comment_status":"closed","ping_status":"closed","template":"","meta":{"footnotes":""},"class_list":["post-872","page","type-page","status-publish","has-post-thumbnail","hentry"],"yoast_head":"<!-- This site is optimized with the Yoast SEO plugin v24.5 - https:\/\/yoast.com\/wordpress\/plugins\/seo\/ -->\n<title>Privacy - Porrini Franco S.p.A.<\/title>\n<meta name=\"robots\" content=\"noindex, nofollow\" \/>\n<meta property=\"og:locale\" content=\"it_IT\" \/>\n<meta property=\"og:type\" content=\"article\" \/>\n<meta property=\"og:title\" content=\"Privacy - Porrini Franco S.p.A.\" \/>\n<meta property=\"og:description\" content=\"Privacy Policy &nbsp;PRIVACY POLICY E INFORMATIVA ART. 13&nbsp;GENERAL DATA PROTECTION REGULATION (EU) 2016\/679 (GDPR) (European regulation on personal data protection) La presente Privacy Policy \u00e8 volta ad illustrare le modalit\u00e0 e le finalit\u00e0 dei trattamenti di dati personali effettuati da parte della societ\u00e0 Porrini Franco S.p.a. in qualit\u00e0 di titolare del trattamento dei siti www.porrinifrancospa.it [&hellip;]\" \/>\n<meta property=\"og:url\" content=\"https:\/\/www.porrinifrancospa.it\/it\/privacy\/\" \/>\n<meta property=\"og:site_name\" content=\"Porrini Franco S.p.A.\" \/>\n<meta property=\"article:publisher\" content=\"https:\/\/www.facebook.com\/PorriniSpa\/\" \/>\n<meta property=\"article:modified_time\" content=\"2025-03-21T13:47:20+00:00\" \/>\n<meta property=\"og:image\" content=\"https:\/\/www.porrinifrancospa.it\/wp-content\/uploads\/2022\/09\/porrini-share.jpg\" \/>\n\t<meta property=\"og:image:width\" content=\"800\" \/>\n\t<meta property=\"og:image:height\" content=\"600\" \/>\n\t<meta property=\"og:image:type\" content=\"image\/jpeg\" \/>\n<meta name=\"twitter:card\" content=\"summary_large_image\" \/>\n<meta name=\"twitter:label1\" content=\"Tempo di lettura stimato\" \/>\n\t<meta name=\"twitter:data1\" content=\"10 minuti\" \/>\n<script type=\"application\/ld+json\" class=\"yoast-schema-graph\">{\"@context\":\"https:\/\/schema.org\",\"@graph\":[{\"@type\":\"WebPage\",\"@id\":\"https:\/\/www.porrinifrancospa.it\/it\/privacy\/\",\"url\":\"https:\/\/www.porrinifrancospa.it\/it\/privacy\/\",\"name\":\"Privacy - Porrini Franco S.p.A.\",\"isPartOf\":{\"@id\":\"https:\/\/www.porrinifrancospa.it\/it\/#website\"},\"primaryImageOfPage\":{\"@id\":\"https:\/\/www.porrinifrancospa.it\/it\/privacy\/#primaryimage\"},\"image\":{\"@id\":\"https:\/\/www.porrinifrancospa.it\/it\/privacy\/#primaryimage\"},\"thumbnailUrl\":\"https:\/\/www.porrinifrancospa.it\/wp-content\/uploads\/2022\/09\/porrini-share.jpg\",\"datePublished\":\"2022-09-01T12:48:52+00:00\",\"dateModified\":\"2025-03-21T13:47:20+00:00\",\"breadcrumb\":{\"@id\":\"https:\/\/www.porrinifrancospa.it\/it\/privacy\/#breadcrumb\"},\"inLanguage\":\"it-IT\",\"potentialAction\":[{\"@type\":\"ReadAction\",\"target\":[\"https:\/\/www.porrinifrancospa.it\/it\/privacy\/\"]}]},{\"@type\":\"ImageObject\",\"inLanguage\":\"it-IT\",\"@id\":\"https:\/\/www.porrinifrancospa.it\/it\/privacy\/#primaryimage\",\"url\":\"https:\/\/www.porrinifrancospa.it\/wp-content\/uploads\/2022\/09\/porrini-share.jpg\",\"contentUrl\":\"https:\/\/www.porrinifrancospa.it\/wp-content\/uploads\/2022\/09\/porrini-share.jpg\",\"width\":800,\"height\":600,\"caption\":\"Fioccati, trucioli, alimentazione e mangimi per cavalli - Porrini Franco\"},{\"@type\":\"BreadcrumbList\",\"@id\":\"https:\/\/www.porrinifrancospa.it\/it\/privacy\/#breadcrumb\",\"itemListElement\":[{\"@type\":\"ListItem\",\"position\":1,\"name\":\"Home\",\"item\":\"https:\/\/www.porrinifrancospa.it\/it\/\"},{\"@type\":\"ListItem\",\"position\":2,\"name\":\"Privacy\"}]},{\"@type\":\"WebSite\",\"@id\":\"https:\/\/www.porrinifrancospa.it\/it\/#website\",\"url\":\"https:\/\/www.porrinifrancospa.it\/it\/\",\"name\":\"Porrini Franco S.p.A.\",\"description\":\"Fioccati, trucioli, alimentazione e mangimi per cavalli\",\"publisher\":{\"@id\":\"https:\/\/www.porrinifrancospa.it\/it\/#organization\"},\"potentialAction\":[{\"@type\":\"SearchAction\",\"target\":{\"@type\":\"EntryPoint\",\"urlTemplate\":\"https:\/\/www.porrinifrancospa.it\/it\/?s={search_term_string}\"},\"query-input\":{\"@type\":\"PropertyValueSpecification\",\"valueRequired\":true,\"valueName\":\"search_term_string\"}}],\"inLanguage\":\"it-IT\"},{\"@type\":\"Organization\",\"@id\":\"https:\/\/www.porrinifrancospa.it\/it\/#organization\",\"name\":\"Porrini Franco S.p.A.\",\"url\":\"https:\/\/www.porrinifrancospa.it\/it\/\",\"logo\":{\"@type\":\"ImageObject\",\"inLanguage\":\"it-IT\",\"@id\":\"https:\/\/www.porrinifrancospa.it\/it\/#\/schema\/logo\/image\/\",\"url\":\"https:\/\/www.porrinifrancospa.it\/wp-content\/uploads\/2021\/04\/porrini-logo.png\",\"contentUrl\":\"https:\/\/www.porrinifrancospa.it\/wp-content\/uploads\/2021\/04\/porrini-logo.png\",\"width\":360,\"height\":160,\"caption\":\"Porrini Franco S.p.A.\"},\"image\":{\"@id\":\"https:\/\/www.porrinifrancospa.it\/it\/#\/schema\/logo\/image\/\"},\"sameAs\":[\"https:\/\/www.facebook.com\/PorriniSpa\/\"]}]}<\/script>\n<!-- \/ Yoast SEO plugin. -->","yoast_head_json":{"title":"Privacy - Porrini Franco S.p.A.","robots":{"index":"noindex","follow":"nofollow"},"og_locale":"it_IT","og_type":"article","og_title":"Privacy - Porrini Franco S.p.A.","og_description":"Privacy Policy &nbsp;PRIVACY POLICY E INFORMATIVA ART. 13&nbsp;GENERAL DATA PROTECTION REGULATION (EU) 2016\/679 (GDPR) (European regulation on personal data protection) La presente Privacy Policy \u00e8 volta ad illustrare le modalit\u00e0 e le finalit\u00e0 dei trattamenti di dati personali effettuati da parte della societ\u00e0 Porrini Franco S.p.a. in qualit\u00e0 di titolare del trattamento dei siti www.porrinifrancospa.it [&hellip;]","og_url":"https:\/\/www.porrinifrancospa.it\/it\/privacy\/","og_site_name":"Porrini Franco S.p.A.","article_publisher":"https:\/\/www.facebook.com\/PorriniSpa\/","article_modified_time":"2025-03-21T13:47:20+00:00","og_image":[{"width":800,"height":600,"url":"https:\/\/www.porrinifrancospa.it\/wp-content\/uploads\/2022\/09\/porrini-share.jpg","type":"image\/jpeg"}],"twitter_card":"summary_large_image","twitter_misc":{"Tempo di lettura stimato":"10 minuti"},"schema":{"@context":"https:\/\/schema.org","@graph":[{"@type":"WebPage","@id":"https:\/\/www.porrinifrancospa.it\/it\/privacy\/","url":"https:\/\/www.porrinifrancospa.it\/it\/privacy\/","name":"Privacy - Porrini Franco S.p.A.","isPartOf":{"@id":"https:\/\/www.porrinifrancospa.it\/it\/#website"},"primaryImageOfPage":{"@id":"https:\/\/www.porrinifrancospa.it\/it\/privacy\/#primaryimage"},"image":{"@id":"https:\/\/www.porrinifrancospa.it\/it\/privacy\/#primaryimage"},"thumbnailUrl":"https:\/\/www.porrinifrancospa.it\/wp-content\/uploads\/2022\/09\/porrini-share.jpg","datePublished":"2022-09-01T12:48:52+00:00","dateModified":"2025-03-21T13:47:20+00:00","breadcrumb":{"@id":"https:\/\/www.porrinifrancospa.it\/it\/privacy\/#breadcrumb"},"inLanguage":"it-IT","potentialAction":[{"@type":"ReadAction","target":["https:\/\/www.porrinifrancospa.it\/it\/privacy\/"]}]},{"@type":"ImageObject","inLanguage":"it-IT","@id":"https:\/\/www.porrinifrancospa.it\/it\/privacy\/#primaryimage","url":"https:\/\/www.porrinifrancospa.it\/wp-content\/uploads\/2022\/09\/porrini-share.jpg","contentUrl":"https:\/\/www.porrinifrancospa.it\/wp-content\/uploads\/2022\/09\/porrini-share.jpg","width":800,"height":600,"caption":"Fioccati, trucioli, alimentazione e mangimi per cavalli - Porrini Franco"},{"@type":"BreadcrumbList","@id":"https:\/\/www.porrinifrancospa.it\/it\/privacy\/#breadcrumb","itemListElement":[{"@type":"ListItem","position":1,"name":"Home","item":"https:\/\/www.porrinifrancospa.it\/it\/"},{"@type":"ListItem","position":2,"name":"Privacy"}]},{"@type":"WebSite","@id":"https:\/\/www.porrinifrancospa.it\/it\/#website","url":"https:\/\/www.porrinifrancospa.it\/it\/","name":"Porrini Franco S.p.A.","description":"Fioccati, trucioli, alimentazione e mangimi per cavalli","publisher":{"@id":"https:\/\/www.porrinifrancospa.it\/it\/#organization"},"potentialAction":[{"@type":"SearchAction","target":{"@type":"EntryPoint","urlTemplate":"https:\/\/www.porrinifrancospa.it\/it\/?s={search_term_string}"},"query-input":{"@type":"PropertyValueSpecification","valueRequired":true,"valueName":"search_term_string"}}],"inLanguage":"it-IT"},{"@type":"Organization","@id":"https:\/\/www.porrinifrancospa.it\/it\/#organization","name":"Porrini Franco S.p.A.","url":"https:\/\/www.porrinifrancospa.it\/it\/","logo":{"@type":"ImageObject","inLanguage":"it-IT","@id":"https:\/\/www.porrinifrancospa.it\/it\/#\/schema\/logo\/image\/","url":"https:\/\/www.porrinifrancospa.it\/wp-content\/uploads\/2021\/04\/porrini-logo.png","contentUrl":"https:\/\/www.porrinifrancospa.it\/wp-content\/uploads\/2021\/04\/porrini-logo.png","width":360,"height":160,"caption":"Porrini Franco S.p.A."},"image":{"@id":"https:\/\/www.porrinifrancospa.it\/it\/#\/schema\/logo\/image\/"},"sameAs":["https:\/\/www.facebook.com\/PorriniSpa\/"]}]}},"_links":{"self":[{"href":"https:\/\/www.porrinifrancospa.it\/it\/wp-json\/wp\/v2\/pages\/872","targetHints":{"allow":["GET"]}}],"collection":[{"href":"https:\/\/www.porrinifrancospa.it\/it\/wp-json\/wp\/v2\/pages"}],"about":[{"href":"https:\/\/www.porrinifrancospa.it\/it\/wp-json\/wp\/v2\/types\/page"}],"author":[{"embeddable":true,"href":"https:\/\/www.porrinifrancospa.it\/it\/wp-json\/wp\/v2\/users\/1"}],"replies":[{"embeddable":true,"href":"https:\/\/www.porrinifrancospa.it\/it\/wp-json\/wp\/v2\/comments?post=872"}],"version-history":[{"count":11,"href":"https:\/\/www.porrinifrancospa.it\/it\/wp-json\/wp\/v2\/pages\/872\/revisions"}],"predecessor-version":[{"id":2206,"href":"https:\/\/www.porrinifrancospa.it\/it\/wp-json\/wp\/v2\/pages\/872\/revisions\/2206"}],"wp:featuredmedia":[{"embeddable":true,"href":"https:\/\/www.porrinifrancospa.it\/it\/wp-json\/wp\/v2\/media\/2189"}],"wp:attachment":[{"href":"https:\/\/www.porrinifrancospa.it\/it\/wp-json\/wp\/v2\/media?parent=872"}],"curies":[{"name":"wp","href":"https:\/\/api.w.org\/{rel}","templated":true}]}}