{"id":195,"date":"2022-03-22T11:34:36","date_gmt":"2022-03-22T10:34:36","guid":{"rendered":"https:\/\/www.porrinifrancospa.it\/?page_id=195"},"modified":"2025-09-10T09:52:49","modified_gmt":"2025-09-10T07:52:49","slug":"contatta-porrini-franco-spa","status":"publish","type":"page","link":"https:\/\/www.porrinifrancospa.it\/it\/contatta-porrini-franco-spa\/","title":{"rendered":"Contatta Porrini Franco Spa"},"content":{"rendered":"\t\t<div data-elementor-type=\"wp-page\" data-elementor-id=\"195\" class=\"elementor elementor-195\" data-elementor-post-type=\"page\">\n\t\t\t\t\t\t<section class=\"elementor-section elementor-top-section elementor-element elementor-element-297649ab elementor-section-height-min-height elementor-section-boxed elementor-section-height-default elementor-section-items-middle\" data-id=\"297649ab\" data-element_type=\"section\" data-settings=\"{&quot;background_background&quot;:&quot;classic&quot;}\">\n\t\t\t\t\t\t\t<div class=\"elementor-background-overlay\"><\/div>\n\t\t\t\t\t\t\t<div class=\"elementor-container elementor-column-gap-default\">\n\t\t\t\t\t<div class=\"elementor-column elementor-col-100 elementor-top-column elementor-element elementor-element-219d0580\" data-id=\"219d0580\" data-element_type=\"column\">\n\t\t\t<div class=\"elementor-widget-wrap elementor-element-populated\">\n\t\t\t\t\t\t<div class=\"elementor-element elementor-element-789e216d elementor-widget elementor-widget-heading\" data-id=\"789e216d\" data-element_type=\"widget\" data-widget_type=\"heading.default\">\n\t\t\t\t<div class=\"elementor-widget-container\">\n\t\t\t\t\t<h1 class=\"elementor-heading-title elementor-size-default\">Contatta Porrini Franco SPA<\/h1>\t\t\t\t<\/div>\n\t\t\t\t<\/div>\n\t\t\t\t\t<\/div>\n\t\t<\/div>\n\t\t\t\t\t<\/div>\n\t\t<\/section>\n\t\t\t\t<section class=\"elementor-section elementor-top-section elementor-element elementor-element-5e98a6d elementor-section-boxed elementor-section-height-default elementor-section-height-default\" data-id=\"5e98a6d\" data-element_type=\"section\">\n\t\t\t\t\t\t<div class=\"elementor-container elementor-column-gap-default\">\n\t\t\t\t\t<div class=\"elementor-column elementor-col-100 elementor-top-column elementor-element elementor-element-74c44209\" data-id=\"74c44209\" data-element_type=\"column\">\n\t\t\t<div class=\"elementor-widget-wrap elementor-element-populated\">\n\t\t\t\t\t\t<div class=\"elementor-element elementor-element-427c634 elementor-widget elementor-widget-heading\" data-id=\"427c634\" data-element_type=\"widget\" data-widget_type=\"heading.default\">\n\t\t\t\t<div class=\"elementor-widget-container\">\n\t\t\t\t\t<h2 class=\"elementor-heading-title elementor-size-default\">I nostri contatti<\/h2>\t\t\t\t<\/div>\n\t\t\t\t<\/div>\n\t\t\t\t<div class=\"elementor-element elementor-element-51693e0f elementor-widget elementor-widget-text-editor\" data-id=\"51693e0f\" data-element_type=\"widget\" data-widget_type=\"text-editor.default\">\n\t\t\t\t<div class=\"elementor-widget-container\">\n\t\t\t\t\t\t\t\t\t<p>Hai bisogno di consulenza per l\u2019alimentazione del tuo cavallo? Vuoi provare la qualit\u00e0 dei mangimi Porrini? Ti servono informazioni specifiche sui nostri prodotti? Hai bisogno di aiuto per le spedizioni? Chiedici quello che vuoi, siamo qui per aiutarti!<\/p>\t\t\t\t\t\t\t\t<\/div>\n\t\t\t\t<\/div>\n\t\t\t\t<div class=\"elementor-element elementor-element-8def9b3 elementor-widget elementor-widget-shortcode\" data-id=\"8def9b3\" data-element_type=\"widget\" data-widget_type=\"shortcode.default\">\n\t\t\t\t<div class=\"elementor-widget-container\">\n\t\t\t\t\t\t\t<div class=\"elementor-shortcode\">\n<div class=\"wpcf7 no-js\" id=\"wpcf7-f650-o1\" lang=\"it-IT\" dir=\"ltr\" data-wpcf7-id=\"650\">\n<div class=\"screen-reader-response\"><p role=\"status\" aria-live=\"polite\" aria-atomic=\"true\"><\/p> <ul><\/ul><\/div>\n<form action=\"\/it\/wp-json\/wp\/v2\/pages\/195#wpcf7-f650-o1\" method=\"post\" class=\"wpcf7-form init\" aria-label=\"Modulo di contatto\" novalidate=\"novalidate\" data-status=\"init\">\n<div style=\"display: none;\">\n<input type=\"hidden\" name=\"_wpcf7\" value=\"650\" \/>\n<input type=\"hidden\" name=\"_wpcf7_version\" value=\"6.0.4\" \/>\n<input type=\"hidden\" name=\"_wpcf7_locale\" value=\"it_IT\" \/>\n<input type=\"hidden\" name=\"_wpcf7_unit_tag\" value=\"wpcf7-f650-o1\" \/>\n<input type=\"hidden\" name=\"_wpcf7_container_post\" value=\"0\" \/>\n<input type=\"hidden\" name=\"_wpcf7_posted_data_hash\" value=\"\" \/>\n<input type=\"hidden\" name=\"_wpcf7_recaptcha_response\" value=\"\" \/>\n<\/div>\n<div id=\"responsive-form\" class=\"clearfix\">\n\t<div class=\"form-row\">\n\t\t<div class=\"column-half\">\n\t\t\t<p><span class=\"wpcf7-form-control-wrap\" data-name=\"nome\"><input size=\"40\" maxlength=\"400\" class=\"wpcf7-form-control wpcf7-text wpcf7-validates-as-required\" aria-required=\"true\" aria-invalid=\"false\" placeholder=\"Nome *\" value=\"\" type=\"text\" name=\"nome\" \/><\/span>\n\t\t\t<\/p>\n\t\t<\/div>\n\t\t<div class=\"column-half\">\n\t\t\t<p><span class=\"wpcf7-form-control-wrap\" data-name=\"cognome\"><input size=\"40\" maxlength=\"400\" class=\"wpcf7-form-control wpcf7-text wpcf7-validates-as-required\" aria-required=\"true\" aria-invalid=\"false\" placeholder=\"Cognome *\" value=\"\" type=\"text\" name=\"cognome\" \/><\/span>\n\t\t\t<\/p>\n\t\t<\/div>\n\t<\/div>\n\t<div class=\"form-row\">\n\t\t<div class=\"column-half\">\n\t\t\t<p><span class=\"wpcf7-form-control-wrap\" data-name=\"azienda\"><input size=\"40\" maxlength=\"400\" class=\"wpcf7-form-control wpcf7-text wpcf7-validates-as-required\" aria-required=\"true\" aria-invalid=\"false\" placeholder=\"Azienda\" value=\"\" type=\"text\" name=\"azienda\" \/><\/span>\n\t\t\t<\/p>\n\t\t<\/div>\n\t\t<div class=\"column-half\">\n\t\t\t<p><span class=\"wpcf7-form-control-wrap\" data-name=\"indirizzo\"><input size=\"40\" maxlength=\"400\" class=\"wpcf7-form-control wpcf7-text wpcf7-validates-as-required\" aria-required=\"true\" aria-invalid=\"false\" placeholder=\"Indirizzo\" value=\"\" type=\"text\" name=\"indirizzo\" \/><\/span>\n\t\t\t<\/p>\n\t\t<\/div>\n\t<\/div>\n\t<div class=\"form-row\">\n\t\t<div class=\"column-half\">\n\t\t\t<p><span class=\"wpcf7-form-control-wrap\" data-name=\"citta\"><input size=\"40\" maxlength=\"400\" class=\"wpcf7-form-control wpcf7-text wpcf7-validates-as-required\" aria-required=\"true\" aria-invalid=\"false\" placeholder=\"Citt\u00e0\" value=\"\" type=\"text\" name=\"citta\" \/><\/span>\n\t\t\t<\/p>\n\t\t<\/div>\n\t\t<div class=\"column-half\">\n\t\t\t<p><span class=\"wpcf7-form-control-wrap\" data-name=\"cap\"><input size=\"40\" maxlength=\"400\" class=\"wpcf7-form-control wpcf7-text wpcf7-validates-as-required\" aria-required=\"true\" aria-invalid=\"false\" placeholder=\"CAP\" value=\"\" type=\"text\" name=\"cap\" \/><\/span>\n\t\t\t<\/p>\n\t\t<\/div>\n\t<\/div>\n\t<div class=\"form-row\">\n\t\t<div class=\"column-half\">\n\t\t\t<p><span class=\"wpcf7-form-control-wrap\" data-name=\"telefono\"><input size=\"40\" maxlength=\"400\" class=\"wpcf7-form-control wpcf7-tel wpcf7-validates-as-required wpcf7-text wpcf7-validates-as-tel\" aria-required=\"true\" aria-invalid=\"false\" placeholder=\"Telefono *\" value=\"\" type=\"tel\" name=\"telefono\" \/><\/span>\n\t\t\t<\/p>\n\t\t<\/div>\n\t\t<div class=\"column-half\">\n\t\t\t<p><span class=\"wpcf7-form-control-wrap\" data-name=\"email\"><input size=\"40\" maxlength=\"400\" class=\"wpcf7-form-control wpcf7-email wpcf7-validates-as-required wpcf7-text wpcf7-validates-as-email\" aria-required=\"true\" aria-invalid=\"false\" placeholder=\"Email *\" value=\"\" type=\"email\" name=\"email\" \/><\/span>\n\t\t\t<\/p>\n\t\t<\/div>\n\t<\/div>\n\t<div class=\"column-full\">\n\t\t<div class=\"form-row\">\n\t\t\t<p><label>Richiesta generale: <\/label><span class=\"wpcf7-form-control-wrap\" data-name=\"bisogno\"><select class=\"wpcf7-form-control wpcf7-select wpcf7-validates-as-required\" aria-required=\"true\" aria-invalid=\"false\" name=\"bisogno\"><option value=\"\">&#8212;Seleziona un&#039;opzione&#8212;<\/option><option value=\"Richiesta generale\">Richiesta generale<\/option><option value=\"Consigli sull&#039;alimentazione dei cavalli\">Consigli sull&#039;alimentazione dei cavalli<\/option><option value=\"Contatto tramite agente locale\">Contatto tramite agente locale<\/option><\/select><\/span>\n\t\t\t<\/p>\n\t\t<\/div>\n\t<\/div>\n\t<div class=\"column-full\">\n\t\t<p><span class=\"wpcf7-form-control-wrap\" data-name=\"richiesta\"><textarea cols=\"40\" rows=\"2\" maxlength=\"2000\" class=\"wpcf7-form-control wpcf7-textarea wpcf7-validates-as-required\" aria-required=\"true\" aria-invalid=\"false\" placeholder=\"Messaggio *\" name=\"richiesta\"><\/textarea><\/span>\n\t\t<\/p>\n\t\t<div class=\"privacy\">\n\t\t\t<p><span class=\"wpcf7-form-control-wrap\" data-name=\"privacy\"><span class=\"wpcf7-form-control wpcf7-acceptance\"><span class=\"wpcf7-list-item\"><input type=\"checkbox\" name=\"privacy\" value=\"1\" aria-invalid=\"false\" \/><\/span><\/span><\/span><a href=\"\/it\/privacy\/\" target=\"_blank\">Autorizzo il trattamento dei miei dati secondo il Regolamento Europeo del 27 aprile 2016 n. 2016\/679\/UE<\/a>\n\t\t\t<\/p>\n\t\t<\/div>\n\t\t<p><input class=\"wpcf7-form-control wpcf7-submit has-spinner\" type=\"submit\" value=\"Invia\" \/>\n\t\t<\/p>\n\t<\/div>\n<\/div><div class=\"wpcf7-response-output\" aria-hidden=\"true\"><\/div>\n<\/form>\n<\/div>\n<\/div>\n\t\t\t\t\t\t<\/div>\n\t\t\t\t<\/div>\n\t\t\t\t\t<\/div>\n\t\t<\/div>\n\t\t\t\t\t<\/div>\n\t\t<\/section>\n\t\t\t\t<section class=\"elementor-section elementor-top-section elementor-element elementor-element-167d9a5e elementor-section-boxed elementor-section-height-default elementor-section-height-default\" data-id=\"167d9a5e\" data-element_type=\"section\">\n\t\t\t\t\t\t<div class=\"elementor-container elementor-column-gap-default\">\n\t\t\t\t\t<div class=\"elementor-column elementor-col-100 elementor-top-column elementor-element elementor-element-53c2c488\" data-id=\"53c2c488\" data-element_type=\"column\">\n\t\t\t<div class=\"elementor-widget-wrap elementor-element-populated\">\n\t\t\t\t\t\t<section class=\"elementor-section elementor-inner-section elementor-element elementor-element-41a53c0a elementor-section-boxed elementor-section-height-default elementor-section-height-default\" data-id=\"41a53c0a\" data-element_type=\"section\">\n\t\t\t\t\t\t<div class=\"elementor-container elementor-column-gap-default\">\n\t\t\t\t\t<div class=\"elementor-column elementor-col-50 elementor-inner-column elementor-element elementor-element-116ee1d7\" data-id=\"116ee1d7\" data-element_type=\"column\" data-settings=\"{&quot;background_background&quot;:&quot;classic&quot;}\">\n\t\t\t<div class=\"elementor-widget-wrap elementor-element-populated\">\n\t\t\t\t\t\t<div class=\"elementor-element elementor-element-1d3972c6 elementor-widget elementor-widget-heading\" data-id=\"1d3972c6\" data-element_type=\"widget\" data-widget_type=\"heading.default\">\n\t\t\t\t<div class=\"elementor-widget-container\">\n\t\t\t\t\t<h3 class=\"elementor-heading-title elementor-size-default\">Porrini Franco S.p.a.<\/h3>\t\t\t\t<\/div>\n\t\t\t\t<\/div>\n\t\t\t\t<div class=\"elementor-element elementor-element-3051f03 elementor-widget elementor-widget-text-editor\" data-id=\"3051f03\" data-element_type=\"widget\" data-widget_type=\"text-editor.default\">\n\t\t\t\t<div class=\"elementor-widget-container\">\n\t\t\t\t\t\t\t\t\t<p>Via 2 Giugno, 34\/36\/38 | 21011 Casorate Sempione (VA)<br \/><span class=\"cdark\">Tel. <a href=\"tel:+390331295775\">+39 0331 295775<\/a> | Fax <\/span><span class=\"cdark\">+39 0331 296565<\/span><\/p><p><span class=\"cdark\">Da luned\u00ec a gioved\u00ec: 8:00 &#8211; 17:30 | Venerd\u00ec: 8:00 &#8211; 17:00<\/span><\/p>\t\t\t\t\t\t\t\t<\/div>\n\t\t\t\t<\/div>\n\t\t\t\t\t<\/div>\n\t\t<\/div>\n\t\t\t\t<div class=\"elementor-column elementor-col-50 elementor-inner-column elementor-element elementor-element-7bcf2e45\" data-id=\"7bcf2e45\" data-element_type=\"column\" data-settings=\"{&quot;background_background&quot;:&quot;classic&quot;}\">\n\t\t\t<div class=\"elementor-widget-wrap elementor-element-populated\">\n\t\t\t\t\t\t<div class=\"elementor-element elementor-element-4e89671c elementor-widget elementor-widget-heading\" data-id=\"4e89671c\" data-element_type=\"widget\" data-widget_type=\"heading.default\">\n\t\t\t\t<div class=\"elementor-widget-container\">\n\t\t\t\t\t<h3 class=\"elementor-heading-title elementor-size-default\">Porrini Horse Shop<\/h3>\t\t\t\t<\/div>\n\t\t\t\t<\/div>\n\t\t\t\t<div class=\"elementor-element elementor-element-1b3f9173 elementor-widget elementor-widget-text-editor\" data-id=\"1b3f9173\" data-element_type=\"widget\" data-widget_type=\"text-editor.default\">\n\t\t\t\t<div class=\"elementor-widget-container\">\n\t\t\t\t\t\t\t\t\t<p>Via 2 Giugno, 32 | 21011 Casorate Sempione (VA)<br><span class=\"cdark\">Tel. <a href=\"tel:+390331295775\">+39 0331 295775<\/a><\/span><\/p>\n<p>Da luned\u00ec a gioved\u00ec: 8:00 &#8211; 17:30 | Venerd\u00ec: 8:00 &#8211; 17:00<\/p>\t\t\t\t\t\t\t\t<\/div>\n\t\t\t\t<\/div>\n\t\t\t\t\t<\/div>\n\t\t<\/div>\n\t\t\t\t\t<\/div>\n\t\t<\/section>\n\t\t\t\t\t<\/div>\n\t\t<\/div>\n\t\t\t\t\t<\/div>\n\t\t<\/section>\n\t\t\t\t<section class=\"elementor-section elementor-top-section elementor-element elementor-element-8c42775 elementor-section-full_width elementor-section-height-default elementor-section-height-default\" data-id=\"8c42775\" data-element_type=\"section\">\n\t\t\t\t\t\t<div class=\"elementor-container elementor-column-gap-default\">\n\t\t\t\t\t<div class=\"elementor-column elementor-col-100 elementor-top-column elementor-element elementor-element-7463116\" data-id=\"7463116\" data-element_type=\"column\">\n\t\t\t<div class=\"elementor-widget-wrap elementor-element-populated\">\n\t\t\t\t\t\t<div class=\"elementor-element elementor-element-655e3b3 elementor-widget elementor-widget-google_maps\" data-id=\"655e3b3\" data-element_type=\"widget\" data-widget_type=\"google_maps.default\">\n\t\t\t\t<div class=\"elementor-widget-container\">\n\t\t\t\t\t\t\t<div class=\"elementor-custom-embed\">\n\t\t\t<iframe loading=\"lazy\"\n\t\t\t\t\tsrc=\"https:\/\/maps.google.com\/maps?q=Porrini%20Franco%20S.P.A.%20Scegli%20il%20meglio%20per%20il%20tuo%20cavallo%2C%20Via%202%20Giugno%2C%2034%2C%2021011%20Casorate%20Sempione%20VA&#038;t=m&#038;z=15&#038;output=embed&#038;iwloc=near\"\n\t\t\t\t\ttitle=\"Porrini Franco S.P.A. Scegli il meglio per il tuo cavallo, Via 2 Giugno, 34, 21011 Casorate Sempione VA\"\n\t\t\t\t\taria-label=\"Porrini Franco S.P.A. Scegli il meglio per il tuo cavallo, Via 2 Giugno, 34, 21011 Casorate Sempione VA\"\n\t\t\t><\/iframe>\n\t\t<\/div>\n\t\t\t\t\t\t<\/div>\n\t\t\t\t<\/div>\n\t\t\t\t\t<\/div>\n\t\t<\/div>\n\t\t\t\t\t<\/div>\n\t\t<\/section>\n\t\t\t\t<\/div>\n\t\t","protected":false},"excerpt":{"rendered":"<p>Contatta Porrini Franco SPA I nostri contatti Hai bisogno di consulenza per l\u2019alimentazione del tuo cavallo? Vuoi provare la qualit\u00e0 dei mangimi Porrini? Ti servono informazioni specifiche sui nostri prodotti? Hai bisogno di aiuto per le spedizioni? Chiedici quello che vuoi, siamo qui per aiutarti! Porrini Franco S.p.a. Via 2 Giugno, 34\/36\/38 | 21011 Casorate [&hellip;]<\/p>\n","protected":false},"author":1,"featured_media":2189,"parent":0,"menu_order":0,"comment_status":"closed","ping_status":"closed","template":"","meta":{"footnotes":""},"class_list":["post-195","page","type-page","status-publish","has-post-thumbnail","hentry"],"yoast_head":"<!-- This site is optimized with the Yoast SEO plugin v24.5 - https:\/\/yoast.com\/wordpress\/plugins\/seo\/ -->\n<title>Contattaci per informazioni in merito ai Mangimi per il tuo Cavallo<\/title>\n<meta name=\"description\" content=\"Hai bisogno di consulenza per l\u2019alimentazione del tuo cavallo? Vuoi provare la qualit\u00e0 dei Mangimi per cavalli Porrini? Ti servono informazioni specifiche sui nostri prodotti? Hai bisogno di aiuto per le spedizioni? Chiedici quello che vuoi, siamo qui per aiutarti!\" \/>\n<meta name=\"robots\" content=\"index, follow, max-snippet:-1, max-image-preview:large, max-video-preview:-1\" \/>\n<link rel=\"canonical\" href=\"https:\/\/www.porrinifrancospa.it\/it\/contatta-porrini-franco-spa\/\" \/>\n<meta property=\"og:locale\" content=\"it_IT\" \/>\n<meta property=\"og:type\" content=\"article\" \/>\n<meta property=\"og:title\" content=\"Contattaci per informazioni in merito ai Mangimi per il tuo Cavallo\" \/>\n<meta property=\"og:description\" content=\"Hai bisogno di consulenza per l\u2019alimentazione del tuo cavallo? Vuoi provare la qualit\u00e0 dei Mangimi per cavalli Porrini? Ti servono informazioni specifiche sui nostri prodotti? Hai bisogno di aiuto per le spedizioni? Chiedici quello che vuoi, siamo qui per aiutarti!\" \/>\n<meta property=\"og:url\" content=\"https:\/\/www.porrinifrancospa.it\/it\/contatta-porrini-franco-spa\/\" \/>\n<meta property=\"og:site_name\" content=\"Porrini Franco S.p.A.\" \/>\n<meta property=\"article:publisher\" content=\"https:\/\/www.facebook.com\/PorriniSpa\/\" \/>\n<meta property=\"article:modified_time\" content=\"2025-09-10T07:52:49+00:00\" \/>\n<meta property=\"og:image\" content=\"https:\/\/www.porrinifrancospa.it\/wp-content\/uploads\/2022\/09\/porrini-share.jpg\" \/>\n\t<meta property=\"og:image:width\" content=\"800\" \/>\n\t<meta property=\"og:image:height\" content=\"600\" \/>\n\t<meta property=\"og:image:type\" content=\"image\/jpeg\" \/>\n<meta name=\"twitter:card\" content=\"summary_large_image\" \/>\n<meta name=\"twitter:label1\" content=\"Tempo di lettura stimato\" \/>\n\t<meta name=\"twitter:data1\" content=\"1 minuto\" \/>\n<script type=\"application\/ld+json\" class=\"yoast-schema-graph\">{\"@context\":\"https:\/\/schema.org\",\"@graph\":[{\"@type\":\"WebPage\",\"@id\":\"https:\/\/www.porrinifrancospa.it\/it\/contatta-porrini-franco-spa\/\",\"url\":\"https:\/\/www.porrinifrancospa.it\/it\/contatta-porrini-franco-spa\/\",\"name\":\"Contattaci per informazioni in merito ai Mangimi per il tuo Cavallo\",\"isPartOf\":{\"@id\":\"https:\/\/www.porrinifrancospa.it\/it\/#website\"},\"primaryImageOfPage\":{\"@id\":\"https:\/\/www.porrinifrancospa.it\/it\/contatta-porrini-franco-spa\/#primaryimage\"},\"image\":{\"@id\":\"https:\/\/www.porrinifrancospa.it\/it\/contatta-porrini-franco-spa\/#primaryimage\"},\"thumbnailUrl\":\"https:\/\/www.porrinifrancospa.it\/wp-content\/uploads\/2022\/09\/porrini-share.jpg\",\"datePublished\":\"2022-03-22T10:34:36+00:00\",\"dateModified\":\"2025-09-10T07:52:49+00:00\",\"description\":\"Hai bisogno di consulenza per l\u2019alimentazione del tuo cavallo? Vuoi provare la qualit\u00e0 dei Mangimi per cavalli Porrini? Ti servono informazioni specifiche sui nostri prodotti? Hai bisogno di aiuto per le spedizioni? Chiedici quello che vuoi, siamo qui per aiutarti!\",\"breadcrumb\":{\"@id\":\"https:\/\/www.porrinifrancospa.it\/it\/contatta-porrini-franco-spa\/#breadcrumb\"},\"inLanguage\":\"it-IT\",\"potentialAction\":[{\"@type\":\"ReadAction\",\"target\":[\"https:\/\/www.porrinifrancospa.it\/it\/contatta-porrini-franco-spa\/\"]}]},{\"@type\":\"ImageObject\",\"inLanguage\":\"it-IT\",\"@id\":\"https:\/\/www.porrinifrancospa.it\/it\/contatta-porrini-franco-spa\/#primaryimage\",\"url\":\"https:\/\/www.porrinifrancospa.it\/wp-content\/uploads\/2022\/09\/porrini-share.jpg\",\"contentUrl\":\"https:\/\/www.porrinifrancospa.it\/wp-content\/uploads\/2022\/09\/porrini-share.jpg\",\"width\":800,\"height\":600,\"caption\":\"Fioccati, trucioli, alimentazione e mangimi per cavalli - Porrini Franco\"},{\"@type\":\"BreadcrumbList\",\"@id\":\"https:\/\/www.porrinifrancospa.it\/it\/contatta-porrini-franco-spa\/#breadcrumb\",\"itemListElement\":[{\"@type\":\"ListItem\",\"position\":1,\"name\":\"Home\",\"item\":\"https:\/\/www.porrinifrancospa.it\/it\/\"},{\"@type\":\"ListItem\",\"position\":2,\"name\":\"Contatta Porrini Franco Spa\"}]},{\"@type\":\"WebSite\",\"@id\":\"https:\/\/www.porrinifrancospa.it\/it\/#website\",\"url\":\"https:\/\/www.porrinifrancospa.it\/it\/\",\"name\":\"Porrini Franco S.p.A.\",\"description\":\"Fioccati, trucioli, alimentazione e mangimi per cavalli\",\"publisher\":{\"@id\":\"https:\/\/www.porrinifrancospa.it\/it\/#organization\"},\"potentialAction\":[{\"@type\":\"SearchAction\",\"target\":{\"@type\":\"EntryPoint\",\"urlTemplate\":\"https:\/\/www.porrinifrancospa.it\/it\/?s={search_term_string}\"},\"query-input\":{\"@type\":\"PropertyValueSpecification\",\"valueRequired\":true,\"valueName\":\"search_term_string\"}}],\"inLanguage\":\"it-IT\"},{\"@type\":\"Organization\",\"@id\":\"https:\/\/www.porrinifrancospa.it\/it\/#organization\",\"name\":\"Porrini Franco S.p.A.\",\"url\":\"https:\/\/www.porrinifrancospa.it\/it\/\",\"logo\":{\"@type\":\"ImageObject\",\"inLanguage\":\"it-IT\",\"@id\":\"https:\/\/www.porrinifrancospa.it\/it\/#\/schema\/logo\/image\/\",\"url\":\"https:\/\/www.porrinifrancospa.it\/wp-content\/uploads\/2021\/04\/porrini-logo.png\",\"contentUrl\":\"https:\/\/www.porrinifrancospa.it\/wp-content\/uploads\/2021\/04\/porrini-logo.png\",\"width\":360,\"height\":160,\"caption\":\"Porrini Franco S.p.A.\"},\"image\":{\"@id\":\"https:\/\/www.porrinifrancospa.it\/it\/#\/schema\/logo\/image\/\"},\"sameAs\":[\"https:\/\/www.facebook.com\/PorriniSpa\/\"]}]}<\/script>\n<!-- \/ Yoast SEO plugin. -->","yoast_head_json":{"title":"Contattaci per informazioni in merito ai Mangimi per il tuo Cavallo","description":"Hai bisogno di consulenza per l\u2019alimentazione del tuo cavallo? Vuoi provare la qualit\u00e0 dei Mangimi per cavalli Porrini? Ti servono informazioni specifiche sui nostri prodotti? Hai bisogno di aiuto per le spedizioni? Chiedici quello che vuoi, siamo qui per aiutarti!","robots":{"index":"index","follow":"follow","max-snippet":"max-snippet:-1","max-image-preview":"max-image-preview:large","max-video-preview":"max-video-preview:-1"},"canonical":"https:\/\/www.porrinifrancospa.it\/it\/contatta-porrini-franco-spa\/","og_locale":"it_IT","og_type":"article","og_title":"Contattaci per informazioni in merito ai Mangimi per il tuo Cavallo","og_description":"Hai bisogno di consulenza per l\u2019alimentazione del tuo cavallo? Vuoi provare la qualit\u00e0 dei Mangimi per cavalli Porrini? Ti servono informazioni specifiche sui nostri prodotti? Hai bisogno di aiuto per le spedizioni? Chiedici quello che vuoi, siamo qui per aiutarti!","og_url":"https:\/\/www.porrinifrancospa.it\/it\/contatta-porrini-franco-spa\/","og_site_name":"Porrini Franco S.p.A.","article_publisher":"https:\/\/www.facebook.com\/PorriniSpa\/","article_modified_time":"2025-09-10T07:52:49+00:00","og_image":[{"width":800,"height":600,"url":"https:\/\/www.porrinifrancospa.it\/wp-content\/uploads\/2022\/09\/porrini-share.jpg","type":"image\/jpeg"}],"twitter_card":"summary_large_image","twitter_misc":{"Tempo di lettura stimato":"1 minuto"},"schema":{"@context":"https:\/\/schema.org","@graph":[{"@type":"WebPage","@id":"https:\/\/www.porrinifrancospa.it\/it\/contatta-porrini-franco-spa\/","url":"https:\/\/www.porrinifrancospa.it\/it\/contatta-porrini-franco-spa\/","name":"Contattaci per informazioni in merito ai Mangimi per il tuo Cavallo","isPartOf":{"@id":"https:\/\/www.porrinifrancospa.it\/it\/#website"},"primaryImageOfPage":{"@id":"https:\/\/www.porrinifrancospa.it\/it\/contatta-porrini-franco-spa\/#primaryimage"},"image":{"@id":"https:\/\/www.porrinifrancospa.it\/it\/contatta-porrini-franco-spa\/#primaryimage"},"thumbnailUrl":"https:\/\/www.porrinifrancospa.it\/wp-content\/uploads\/2022\/09\/porrini-share.jpg","datePublished":"2022-03-22T10:34:36+00:00","dateModified":"2025-09-10T07:52:49+00:00","description":"Hai bisogno di consulenza per l\u2019alimentazione del tuo cavallo? Vuoi provare la qualit\u00e0 dei Mangimi per cavalli Porrini? Ti servono informazioni specifiche sui nostri prodotti? Hai bisogno di aiuto per le spedizioni? Chiedici quello che vuoi, siamo qui per aiutarti!","breadcrumb":{"@id":"https:\/\/www.porrinifrancospa.it\/it\/contatta-porrini-franco-spa\/#breadcrumb"},"inLanguage":"it-IT","potentialAction":[{"@type":"ReadAction","target":["https:\/\/www.porrinifrancospa.it\/it\/contatta-porrini-franco-spa\/"]}]},{"@type":"ImageObject","inLanguage":"it-IT","@id":"https:\/\/www.porrinifrancospa.it\/it\/contatta-porrini-franco-spa\/#primaryimage","url":"https:\/\/www.porrinifrancospa.it\/wp-content\/uploads\/2022\/09\/porrini-share.jpg","contentUrl":"https:\/\/www.porrinifrancospa.it\/wp-content\/uploads\/2022\/09\/porrini-share.jpg","width":800,"height":600,"caption":"Fioccati, trucioli, alimentazione e mangimi per cavalli - Porrini Franco"},{"@type":"BreadcrumbList","@id":"https:\/\/www.porrinifrancospa.it\/it\/contatta-porrini-franco-spa\/#breadcrumb","itemListElement":[{"@type":"ListItem","position":1,"name":"Home","item":"https:\/\/www.porrinifrancospa.it\/it\/"},{"@type":"ListItem","position":2,"name":"Contatta Porrini Franco Spa"}]},{"@type":"WebSite","@id":"https:\/\/www.porrinifrancospa.it\/it\/#website","url":"https:\/\/www.porrinifrancospa.it\/it\/","name":"Porrini Franco S.p.A.","description":"Fioccati, trucioli, alimentazione e mangimi per cavalli","publisher":{"@id":"https:\/\/www.porrinifrancospa.it\/it\/#organization"},"potentialAction":[{"@type":"SearchAction","target":{"@type":"EntryPoint","urlTemplate":"https:\/\/www.porrinifrancospa.it\/it\/?s={search_term_string}"},"query-input":{"@type":"PropertyValueSpecification","valueRequired":true,"valueName":"search_term_string"}}],"inLanguage":"it-IT"},{"@type":"Organization","@id":"https:\/\/www.porrinifrancospa.it\/it\/#organization","name":"Porrini Franco S.p.A.","url":"https:\/\/www.porrinifrancospa.it\/it\/","logo":{"@type":"ImageObject","inLanguage":"it-IT","@id":"https:\/\/www.porrinifrancospa.it\/it\/#\/schema\/logo\/image\/","url":"https:\/\/www.porrinifrancospa.it\/wp-content\/uploads\/2021\/04\/porrini-logo.png","contentUrl":"https:\/\/www.porrinifrancospa.it\/wp-content\/uploads\/2021\/04\/porrini-logo.png","width":360,"height":160,"caption":"Porrini Franco S.p.A."},"image":{"@id":"https:\/\/www.porrinifrancospa.it\/it\/#\/schema\/logo\/image\/"},"sameAs":["https:\/\/www.facebook.com\/PorriniSpa\/"]}]}},"_links":{"self":[{"href":"https:\/\/www.porrinifrancospa.it\/it\/wp-json\/wp\/v2\/pages\/195","targetHints":{"allow":["GET"]}}],"collection":[{"href":"https:\/\/www.porrinifrancospa.it\/it\/wp-json\/wp\/v2\/pages"}],"about":[{"href":"https:\/\/www.porrinifrancospa.it\/it\/wp-json\/wp\/v2\/types\/page"}],"author":[{"embeddable":true,"href":"https:\/\/www.porrinifrancospa.it\/it\/wp-json\/wp\/v2\/users\/1"}],"replies":[{"embeddable":true,"href":"https:\/\/www.porrinifrancospa.it\/it\/wp-json\/wp\/v2\/comments?post=195"}],"version-history":[{"count":15,"href":"https:\/\/www.porrinifrancospa.it\/it\/wp-json\/wp\/v2\/pages\/195\/revisions"}],"predecessor-version":[{"id":3976,"href":"https:\/\/www.porrinifrancospa.it\/it\/wp-json\/wp\/v2\/pages\/195\/revisions\/3976"}],"wp:featuredmedia":[{"embeddable":true,"href":"https:\/\/www.porrinifrancospa.it\/it\/wp-json\/wp\/v2\/media\/2189"}],"wp:attachment":[{"href":"https:\/\/www.porrinifrancospa.it\/it\/wp-json\/wp\/v2\/media?parent=195"}],"curies":[{"name":"wp","href":"https:\/\/api.w.org\/{rel}","templated":true}]}}